{"id":784,"date":"2025-10-26T13:02:58","date_gmt":"2025-10-26T13:02:58","guid":{"rendered":"https:\/\/securdach.it\/dienstleistungen\/"},"modified":"2026-03-30T08:21:45","modified_gmt":"2026-03-30T08:21:45","slug":"dienstleistungen","status":"publish","type":"page","link":"https:\/\/securdach.it\/de\/dienstleistungen\/","title":{"rendered":"Dienstleistungen"},"content":{"rendered":"\t\t<div data-elementor-type=\"wp-page\" data-elementor-id=\"784\" class=\"elementor elementor-784 elementor-88\">\n\t\t\t\t\t\t<section class=\"elementor-section elementor-top-section elementor-element elementor-element-39d811f elementor-section-boxed elementor-section-height-default elementor-section-height-default\" data-id=\"39d811f\" data-element_type=\"section\" data-e-type=\"section\" data-settings=\"{&quot;background_background&quot;:&quot;classic&quot;}\">\n\t\t\t\t\t\t<div class=\"elementor-container elementor-column-gap-default\">\n\t\t\t\t\t<div class=\"elementor-column elementor-col-100 elementor-top-column elementor-element elementor-element-9d3b42f\" data-id=\"9d3b42f\" data-element_type=\"column\" data-e-type=\"column\">\n\t\t\t<div class=\"elementor-widget-wrap elementor-element-populated\">\n\t\t\t\t\t\t<div class=\"elementor-element elementor-element-f826188 elementor-invisible elementor-widget elementor-widget-heading\" data-id=\"f826188\" data-element_type=\"widget\" data-e-type=\"widget\" data-settings=\"{&quot;_animation&quot;:&quot;fadeInDown&quot;,&quot;_animation_delay&quot;:&quot;100&quot;}\" data-widget_type=\"heading.default\">\n\t\t\t\t\t<h1 class=\"elementor-heading-title elementor-size-default\">Unsere Dienstleistungen<\/h1>\t\t\t\t<\/div>\n\t\t\t\t<div class=\"elementor-element elementor-element-12e3517 elementor-align-center elementor-mobile-align-justify elementor-invisible elementor-widget elementor-widget-button\" data-id=\"12e3517\" data-element_type=\"widget\" data-e-type=\"widget\" data-settings=\"{&quot;_animation&quot;:&quot;fadeInDown&quot;,&quot;_animation_delay&quot;:&quot;300&quot;}\" data-widget_type=\"button.default\">\n\t\t\t\t\t\t\t\t\t\t<a class=\"elementor-button elementor-button-link elementor-size-sm\" href=\"https:\/\/securdach.it\/de\/kontakt\/\">\n\t\t\t\t\t\t<span class=\"elementor-button-content-wrapper\">\n\t\t\t\t\t\t\t\t\t<span class=\"elementor-button-text\">Kontakt<\/span>\n\t\t\t\t\t<\/span>\n\t\t\t\t\t<\/a>\n\t\t\t\t\t\t\t\t<\/div>\n\t\t\t\t\t<\/div>\n\t\t<\/div>\n\t\t\t\t\t<\/div>\n\t\t<\/section>\n\t\t<div class=\"elementor-element elementor-element-4d1d335 e-flex e-con-boxed e-con e-parent\" data-id=\"4d1d335\" data-element_type=\"container\" data-e-type=\"container\">\n\t\t\t\t\t<div class=\"e-con-inner\">\n\t\t\t\t<div class=\"elementor-element elementor-element-77be9c3 raven-button-align-center elementor-widget elementor-widget-raven-advanced-posts\" data-id=\"77be9c3\" data-element_type=\"widget\" data-e-type=\"widget\" data-settings=\"{&quot;columns&quot;:&quot;2&quot;,&quot;query_posts_per_page&quot;:20,&quot;general_layout&quot;:&quot;grid&quot;,&quot;columns_tablet&quot;:&quot;2&quot;,&quot;columns_mobile&quot;:&quot;1&quot;,&quot;query_orderby&quot;:&quot;date&quot;,&quot;query_offset&quot;:0}\" data-widget_type=\"raven-advanced-posts.default\">\n\t\t\t\t<div class=\"elementor-widget-container\">\n\t\t\t\t\t\t\t<div class=\"raven-posts raven-posts-grid\">\n\t\t\t\t\t\t<div class=\"advanced-posts-content content-layout-under-image raven-grid raven-grid-2 raven-grid-mobile-1 raven-grid-tablet-2  \" data-post-id=\"784\" data-archive-query=\"\">\n\t\t\t\t<div class=\"raven-posts-item raven-grid-item  \"><div class=\"raven-post-wrapper \"><div class=\"raven-post  \"><div class=\"raven-post-content\" data-id=\"809\"><h3 class=\"raven-post-title\"><a class=\"raven-post-title-link\" href=\"https:\/\/securdach.it\/de\/haustueren\/\">Haust\u00fcren<\/a><\/h3><div class=\"raven-post-excerpt\">Eingangst\u00fcren-Service \u2013 Securdach Die Eingangst\u00fcr ist das erste Element, das Besucher beim Betreten Ihres Hauses empf\u00e4ngt. Sie vereint<\/div><div class=\"raven-post-read-more\"><a class=\"raven-post-button\" href=\"https:\/\/securdach.it\/de\/haustueren\/\"><span class=\"raven-post-button-text\">Mehr lesen<\/span><\/a><\/div><\/div><\/div><\/div><\/div><div class=\"raven-posts-item raven-grid-item  \"><div class=\"raven-post-wrapper \"><div class=\"raven-post  \"><div class=\"raven-post-content\" data-id=\"808\"><h3 class=\"raven-post-title\"><a class=\"raven-post-title-link\" href=\"https:\/\/securdach.it\/de\/ristrutturazioni\/\">Ristrutturazioni<\/a><\/h3><div class=\"raven-post-excerpt\">Eingangst\u00fcren von Securdach Ihre Eingangst\u00fcr ist die Visitenkarte Ihres Zuhauses \u2013 sie vereint Sicherheit, Komfort und Stil. Bei<\/div><div class=\"raven-post-read-more\"><a class=\"raven-post-button\" href=\"https:\/\/securdach.it\/de\/ristrutturazioni\/\"><span class=\"raven-post-button-text\">Mehr lesen<\/span><\/a><\/div><\/div><\/div><\/div><\/div><div class=\"raven-posts-item raven-grid-item  \"><div class=\"raven-post-wrapper \"><div class=\"raven-post  \"><div class=\"raven-post-content\" data-id=\"805\"><h3 class=\"raven-post-title\"><a class=\"raven-post-title-link\" href=\"https:\/\/securdach.it\/de\/neubauten\/\">Neubauten<\/a><\/h3><div class=\"raven-post-excerpt\">Neubauten-Service \u2013 Securdach Neubauten bieten die M\u00f6glichkeit, von Anfang an moderne, funktionale und sichere R\u00e4ume zu gestalten. Bei<\/div><div class=\"raven-post-read-more\"><a class=\"raven-post-button\" href=\"https:\/\/securdach.it\/de\/neubauten\/\"><span class=\"raven-post-button-text\">Mehr lesen<\/span><\/a><\/div><\/div><\/div><\/div><\/div><div class=\"raven-posts-item raven-grid-item  \"><div class=\"raven-post-wrapper \"><div class=\"raven-post  \"><div class=\"raven-post-content\" data-id=\"804\"><h3 class=\"raven-post-title\"><a class=\"raven-post-title-link\" href=\"https:\/\/securdach.it\/de\/balkonverglasungen\/\">Balkonverglasungen<\/a><\/h3><div class=\"raven-post-excerpt\">Balkonverglasung \u2013 Securdach Balkonverglasungen sind die ideale L\u00f6sung, um Ihre Au\u00dfenbereiche aufzuwerten und helle, elegante sowie gesch\u00fctzte R\u00e4ume<\/div><div class=\"raven-post-read-more\"><a class=\"raven-post-button\" href=\"https:\/\/securdach.it\/de\/balkonverglasungen\/\"><span class=\"raven-post-button-text\">Mehr lesen<\/span><\/a><\/div><\/div><\/div><\/div><\/div><div class=\"raven-posts-item raven-grid-item  \"><div class=\"raven-post-wrapper \"><div class=\"raven-post  \"><div class=\"raven-post-content\" data-id=\"803\"><h3 class=\"raven-post-title\"><a class=\"raven-post-title-link\" href=\"https:\/\/securdach.it\/de\/fenster-2\/\">Fenster<\/a><\/h3><div class=\"raven-post-excerpt\">Fenster-Service \u2013 Securdach Fenster sind nicht nur funktionale Elemente: Sie sind das helle Herz Ihres Zuhauses und bestimmen<\/div><div class=\"raven-post-read-more\"><a class=\"raven-post-button\" href=\"https:\/\/securdach.it\/de\/fenster-2\/\"><span class=\"raven-post-button-text\">Mehr lesen<\/span><\/a><\/div><\/div><\/div><\/div><\/div><div class=\"raven-posts-item raven-grid-item  \"><div class=\"raven-post-wrapper \"><div class=\"raven-post  \"><div class=\"raven-post-content\" data-id=\"802\"><h3 class=\"raven-post-title\"><a class=\"raven-post-title-link\" href=\"https:\/\/securdach.it\/de\/schiebetueren-fuer-balkone-terrassen\/\">Schiebet\u00fcren f\u00fcr Balkone\/Terrassen<\/a><\/h3><div class=\"raven-post-excerpt\">Schiebet\u00fcren-Service \u2013 Securdach Schiebet\u00fcren sind die perfekte L\u00f6sung, um Eleganz, Funktionalit\u00e4t und Platzoptimierung zu vereinen. Bei Securdach planen<\/div><div class=\"raven-post-read-more\"><a class=\"raven-post-button\" href=\"https:\/\/securdach.it\/de\/schiebetueren-fuer-balkone-terrassen\/\"><span class=\"raven-post-button-text\">Mehr lesen<\/span><\/a><\/div><\/div><\/div><\/div><\/div><div class=\"raven-posts-item raven-grid-item  \"><div class=\"raven-post-wrapper \"><div class=\"raven-post  \"><div class=\"raven-post-content\" data-id=\"801\"><h3 class=\"raven-post-title\"><a class=\"raven-post-title-link\" href=\"https:\/\/securdach.it\/de\/jalousien\/\">Jalousien<\/a><\/h3><div class=\"raven-post-excerpt\">Rolll\u00e4den-Service \u2013 Securdach Rolll\u00e4den sind nicht nur ein \u00e4sthetisches Element: Sie sch\u00fctzen Ihr Zuhause, gew\u00e4hrleisten Privatsph\u00e4re und tragen<\/div><div class=\"raven-post-read-more\"><a class=\"raven-post-button\" href=\"https:\/\/securdach.it\/de\/jalousien\/\"><span class=\"raven-post-button-text\">Mehr lesen<\/span><\/a><\/div><\/div><\/div><\/div><\/div><div class=\"raven-posts-item raven-grid-item  \"><div class=\"raven-post-wrapper \"><div class=\"raven-post  \"><div class=\"raven-post-content\" data-id=\"800\"><h3 class=\"raven-post-title\"><a class=\"raven-post-title-link\" href=\"https:\/\/securdach.it\/de\/scuri\/\">Scuri<\/a><\/h3><div class=\"raven-post-excerpt\">Klappl\u00e4den-Service \u2013 Securdach Klappl\u00e4den sind eine praktische und elegante L\u00f6sung, um Ihr Zuhause zu sch\u00fctzen, Privatsph\u00e4re zu gew\u00e4hrleisten<\/div><div class=\"raven-post-read-more\"><a class=\"raven-post-button\" href=\"https:\/\/securdach.it\/de\/scuri\/\"><span class=\"raven-post-button-text\">Mehr lesen<\/span><\/a><\/div><\/div><\/div><\/div><\/div><div class=\"raven-posts-item raven-grid-item  \"><div class=\"raven-post-wrapper \"><div class=\"raven-post  \"><div class=\"raven-post-content\" data-id=\"799\"><h3 class=\"raven-post-title\"><a class=\"raven-post-title-link\" href=\"https:\/\/securdach.it\/de\/rolllaeden\/\">Rolll\u00e4den<\/a><\/h3><div class=\"raven-post-excerpt\">Rolll\u00e4den-Service \u2013 Securdach Rolll\u00e4den sind eine praktische und elegante L\u00f6sung, um Ihr Zuhause zu sch\u00fctzen, Privatsph\u00e4re zu gew\u00e4hrleisten<\/div><div class=\"raven-post-read-more\"><a class=\"raven-post-button\" href=\"https:\/\/securdach.it\/de\/rolllaeden\/\"><span class=\"raven-post-button-text\">Mehr lesen<\/span><\/a><\/div><\/div><\/div><\/div><\/div><div class=\"raven-posts-item raven-grid-item  \"><div class=\"raven-post-wrapper \"><div class=\"raven-post  \"><div class=\"raven-post-content\" data-id=\"798\"><h3 class=\"raven-post-title\"><a class=\"raven-post-title-link\" href=\"https:\/\/securdach.it\/de\/rollladenmotor\/\">Rollladenmotor<\/a><\/h3><div class=\"raven-post-excerpt\">&#x26a1; Rollladenantriebe \u2013 Securdach Machen Sie Ihr Zuhause komfortabler, sicherer und moderner mit den Rollladenantrieben von Securdach. Dank<\/div><div class=\"raven-post-read-more\"><a class=\"raven-post-button\" href=\"https:\/\/securdach.it\/de\/rollladenmotor\/\"><span class=\"raven-post-button-text\">Mehr lesen<\/span><\/a><\/div><\/div><\/div><\/div><\/div><div class=\"raven-posts-item raven-grid-item  \"><div class=\"raven-post-wrapper \"><div class=\"raven-post  \"><div class=\"raven-post-content\" data-id=\"797\"><h3 class=\"raven-post-title\"><a class=\"raven-post-title-link\" href=\"https:\/\/securdach.it\/de\/zanzariere\/\">Zanzariere<\/a><\/h3><div class=\"raven-post-excerpt\">Insektenschutzgitter \u2013 Securdach Insektenschutzgitter sind die ideale L\u00f6sung, um Ihre R\u00e4ume ungest\u00f6rt zu genie\u00dfen und Ihr Zuhause vor<\/div><div class=\"raven-post-read-more\"><a class=\"raven-post-button\" href=\"https:\/\/securdach.it\/de\/zanzariere\/\"><span class=\"raven-post-button-text\">Mehr lesen<\/span><\/a><\/div><\/div><\/div><\/div><\/div><div class=\"raven-posts-item raven-grid-item  \"><div class=\"raven-post-wrapper \"><div class=\"raven-post  \"><div class=\"raven-post-content\" data-id=\"796\"><h3 class=\"raven-post-title\"><a class=\"raven-post-title-link\" href=\"https:\/\/securdach.it\/de\/fenster\/\">Fenster<\/a><\/h3><div class=\"raven-post-excerpt\">Fensterservice \u2013 Securdach Fenster sind ein zentraler Bestandteil f\u00fcr Sicherheit, Komfort und die \u00c4sthetik Ihres Hauses oder B\u00fcros.<\/div><div class=\"raven-post-read-more\"><a class=\"raven-post-button\" href=\"https:\/\/securdach.it\/de\/fenster\/\"><span class=\"raven-post-button-text\">Mehr lesen<\/span><\/a><\/div><\/div><\/div><\/div><\/div><div class=\"raven-posts-item raven-grid-item  \"><div class=\"raven-post-wrapper \"><div class=\"raven-post  \"><div class=\"raven-post-content\" data-id=\"793\"><h3 class=\"raven-post-title\"><a class=\"raven-post-title-link\" href=\"https:\/\/securdach.it\/de\/bauelemente\/\">Bauelemente<\/a><\/h3><div class=\"raven-post-excerpt\">Fenster- und T\u00fcrsysteme \u2013 Securdach Fenster- und T\u00fcrsysteme sind ein wesentlicher Bestandteil f\u00fcr die Sicherheit, den Komfort und<\/div><div class=\"raven-post-read-more\"><a class=\"raven-post-button\" href=\"https:\/\/securdach.it\/de\/bauelemente\/\"><span class=\"raven-post-button-text\">Mehr lesen<\/span><\/a><\/div><\/div><\/div><\/div><\/div><div class=\"raven-posts-item raven-grid-item  \"><div class=\"raven-post-wrapper \"><div class=\"raven-post  \"><div class=\"raven-post-content\" data-id=\"792\"><h3 class=\"raven-post-title\"><a class=\"raven-post-title-link\" href=\"https:\/\/securdach.it\/de\/tueren\/\">T\u00fcren<\/a><\/h3><div class=\"raven-post-excerpt\">T\u00fcren-Service \u2013 Securdach T\u00fcren sind weit mehr als nur ein Durchgangselement \u2013 sie stehen f\u00fcr Sicherheit, Stil und<\/div><div class=\"raven-post-read-more\"><a class=\"raven-post-button\" href=\"https:\/\/securdach.it\/de\/tueren\/\"><span class=\"raven-post-button-text\">Mehr lesen<\/span><\/a><\/div><\/div><\/div><\/div><\/div><div class=\"raven-posts-item raven-grid-item  \"><div class=\"raven-post-wrapper \"><div class=\"raven-post  \"><div class=\"raven-post-content\" data-id=\"786\"><h3 class=\"raven-post-title\"><a class=\"raven-post-title-link\" href=\"https:\/\/securdach.it\/de\/innentueren\/\">Innent\u00fcren<\/a><\/h3><div class=\"raven-post-excerpt\">Innent\u00fcren \u2013 Securdach Innent\u00fcren sind ein wesentlicher Bestandteil, um Stil, Funktionalit\u00e4t und Harmonie in jedem Raum zu definieren.<\/div><div class=\"raven-post-read-more\"><a class=\"raven-post-button\" href=\"https:\/\/securdach.it\/de\/innentueren\/\"><span class=\"raven-post-button-text\">Mehr lesen<\/span><\/a><\/div><\/div><\/div><\/div><\/div>\t\t\t<\/div>\n\t\t\t\t\t<\/div>\n\t\t\t\t\t\t<\/div>\n\t\t\t\t<\/div>\n\t\t\t\t\t<\/div>\n\t\t\t\t<\/div>\n\t\t\t\t<\/div>\n\t\t","protected":false},"excerpt":{"rendered":"<p>Unsere Dienstleistungen Kontakt Portoncini d&#8217;ingresso Servizio Portoncini d\u2019Ingresso &#8211; Securdach Il portoncino d\u2019ingresso \u00e8 il primo elemento che accoglie chi entra nella tuaMehr lesen Ristrutturazioni Servizio Ristrutturazioni &#8211; Securdach Le ristrutturazioni rappresentano un\u2019occasione per trasformare la tua casa o il tuo ufficio inMehr lesen Nuove costruzioni &#xfe0f; Servizio Nuove Costruzioni &#8211; Securdach Le nuove costruzioni [&hellip;]<\/p>\n","protected":false},"author":1,"featured_media":0,"parent":0,"menu_order":0,"comment_status":"closed","ping_status":"closed","template":"elementor_header_footer","meta":{"_acf_changed":false,"_joinchat":[],"footnotes":""},"class_list":["post-784","page","type-page","status-publish","hentry"],"acf":[],"yoast_head":"<!-- This site is optimized with the Yoast SEO plugin v27.5 - https:\/\/yoast.com\/product\/yoast-seo-wordpress\/ -->\n<title>Dienstleistungen - Securdach<\/title>\n<meta name=\"description\" content=\"Unser Expertenteam betreut jedes Projekt mit Sorgfalt und Professionalit\u00e4t, von der ersten Beratung bis zur Installation, und gew\u00e4hrleistet ...\" \/>\n<meta name=\"robots\" content=\"index, follow, max-snippet:-1, max-image-preview:large, max-video-preview:-1\" \/>\n<link rel=\"canonical\" href=\"https:\/\/securdach.it\/de\/dienstleistungen\/\" \/>\n<meta property=\"og:locale\" content=\"de_DE\" \/>\n<meta property=\"og:type\" content=\"article\" \/>\n<meta property=\"og:title\" content=\"Dienstleistungen - Securdach\" \/>\n<meta property=\"og:description\" content=\"Unser Expertenteam betreut jedes Projekt mit Sorgfalt und Professionalit\u00e4t, von der ersten Beratung bis zur Installation, und gew\u00e4hrleistet ...\" \/>\n<meta property=\"og:url\" content=\"https:\/\/securdach.it\/de\/dienstleistungen\/\" \/>\n<meta property=\"og:site_name\" content=\"Securdach\" \/>\n<meta property=\"article:modified_time\" content=\"2026-03-30T08:21:45+00:00\" \/>\n<meta name=\"twitter:card\" content=\"summary_large_image\" \/>\n<meta name=\"twitter:label1\" content=\"Gesch\u00e4tzte Lesezeit\" \/>\n\t<meta name=\"twitter:data1\" content=\"1\u00a0Minute\" \/>\n<script type=\"application\/ld+json\" class=\"yoast-schema-graph\">{\"@context\":\"https:\\\/\\\/schema.org\",\"@graph\":[{\"@type\":\"WebPage\",\"@id\":\"https:\\\/\\\/securdach.it\\\/de\\\/dienstleistungen\\\/\",\"url\":\"https:\\\/\\\/securdach.it\\\/de\\\/dienstleistungen\\\/\",\"name\":\"Dienstleistungen - Securdach\",\"isPartOf\":{\"@id\":\"https:\\\/\\\/securdach.it\\\/de\\\/#website\"},\"datePublished\":\"2025-10-26T13:02:58+00:00\",\"dateModified\":\"2026-03-30T08:21:45+00:00\",\"description\":\"Unser Expertenteam betreut jedes Projekt mit Sorgfalt und Professionalit\u00e4t, von der ersten Beratung bis zur Installation, und gew\u00e4hrleistet ...\",\"breadcrumb\":{\"@id\":\"https:\\\/\\\/securdach.it\\\/de\\\/dienstleistungen\\\/#breadcrumb\"},\"inLanguage\":\"de\",\"potentialAction\":[{\"@type\":\"ReadAction\",\"target\":[\"https:\\\/\\\/securdach.it\\\/de\\\/dienstleistungen\\\/\"]}]},{\"@type\":\"BreadcrumbList\",\"@id\":\"https:\\\/\\\/securdach.it\\\/de\\\/dienstleistungen\\\/#breadcrumb\",\"itemListElement\":[{\"@type\":\"ListItem\",\"position\":1,\"name\":\"Home\",\"item\":\"https:\\\/\\\/securdach.it\\\/de\\\/startseite\\\/\"},{\"@type\":\"ListItem\",\"position\":2,\"name\":\"Dienstleistungen\"}]},{\"@type\":\"WebSite\",\"@id\":\"https:\\\/\\\/securdach.it\\\/de\\\/#website\",\"url\":\"https:\\\/\\\/securdach.it\\\/de\\\/\",\"name\":\"Securdach - Infissi, Porte Blindate, Finestre\",\"description\":\"Infissi, Porte Blindate, Finestre\",\"publisher\":{\"@id\":\"https:\\\/\\\/securdach.it\\\/de\\\/#organization\"},\"alternateName\":\"Securdach - Infissi, Porte Blindate, Finestre\",\"potentialAction\":[{\"@type\":\"SearchAction\",\"target\":{\"@type\":\"EntryPoint\",\"urlTemplate\":\"https:\\\/\\\/securdach.it\\\/de\\\/?s={search_term_string}\"},\"query-input\":{\"@type\":\"PropertyValueSpecification\",\"valueRequired\":true,\"valueName\":\"search_term_string\"}}],\"inLanguage\":\"de\"},{\"@type\":\"Organization\",\"@id\":\"https:\\\/\\\/securdach.it\\\/de\\\/#organization\",\"name\":\"Securdach - Infissi, Porte Blindate, Finestre\",\"alternateName\":\"Securdach - Infissi, Porte Blindate, Finestre\",\"url\":\"https:\\\/\\\/securdach.it\\\/de\\\/\",\"logo\":{\"@type\":\"ImageObject\",\"inLanguage\":\"de\",\"@id\":\"https:\\\/\\\/securdach.it\\\/de\\\/#\\\/schema\\\/logo\\\/image\\\/\",\"url\":\"https:\\\/\\\/securdach.it\\\/wp-content\\\/uploads\\\/2025\\\/10\\\/Securdach-2.bmp\",\"contentUrl\":\"https:\\\/\\\/securdach.it\\\/wp-content\\\/uploads\\\/2025\\\/10\\\/Securdach-2.bmp\",\"width\":600,\"height\":155,\"caption\":\"Securdach - Infissi, Porte Blindate, Finestre\"},\"image\":{\"@id\":\"https:\\\/\\\/securdach.it\\\/de\\\/#\\\/schema\\\/logo\\\/image\\\/\"}}]}<\/script>\n<!-- \/ Yoast SEO plugin. -->","yoast_head_json":{"title":"Dienstleistungen - Securdach","description":"Unser Expertenteam betreut jedes Projekt mit Sorgfalt und Professionalit\u00e4t, von der ersten Beratung bis zur Installation, und gew\u00e4hrleistet ...","robots":{"index":"index","follow":"follow","max-snippet":"max-snippet:-1","max-image-preview":"max-image-preview:large","max-video-preview":"max-video-preview:-1"},"canonical":"https:\/\/securdach.it\/de\/dienstleistungen\/","og_locale":"de_DE","og_type":"article","og_title":"Dienstleistungen - Securdach","og_description":"Unser Expertenteam betreut jedes Projekt mit Sorgfalt und Professionalit\u00e4t, von der ersten Beratung bis zur Installation, und gew\u00e4hrleistet ...","og_url":"https:\/\/securdach.it\/de\/dienstleistungen\/","og_site_name":"Securdach","article_modified_time":"2026-03-30T08:21:45+00:00","twitter_card":"summary_large_image","twitter_misc":{"Gesch\u00e4tzte Lesezeit":"1\u00a0Minute"},"schema":{"@context":"https:\/\/schema.org","@graph":[{"@type":"WebPage","@id":"https:\/\/securdach.it\/de\/dienstleistungen\/","url":"https:\/\/securdach.it\/de\/dienstleistungen\/","name":"Dienstleistungen - Securdach","isPartOf":{"@id":"https:\/\/securdach.it\/de\/#website"},"datePublished":"2025-10-26T13:02:58+00:00","dateModified":"2026-03-30T08:21:45+00:00","description":"Unser Expertenteam betreut jedes Projekt mit Sorgfalt und Professionalit\u00e4t, von der ersten Beratung bis zur Installation, und gew\u00e4hrleistet ...","breadcrumb":{"@id":"https:\/\/securdach.it\/de\/dienstleistungen\/#breadcrumb"},"inLanguage":"de","potentialAction":[{"@type":"ReadAction","target":["https:\/\/securdach.it\/de\/dienstleistungen\/"]}]},{"@type":"BreadcrumbList","@id":"https:\/\/securdach.it\/de\/dienstleistungen\/#breadcrumb","itemListElement":[{"@type":"ListItem","position":1,"name":"Home","item":"https:\/\/securdach.it\/de\/startseite\/"},{"@type":"ListItem","position":2,"name":"Dienstleistungen"}]},{"@type":"WebSite","@id":"https:\/\/securdach.it\/de\/#website","url":"https:\/\/securdach.it\/de\/","name":"Securdach - Infissi, Porte Blindate, Finestre","description":"Infissi, Porte Blindate, Finestre","publisher":{"@id":"https:\/\/securdach.it\/de\/#organization"},"alternateName":"Securdach - Infissi, Porte Blindate, Finestre","potentialAction":[{"@type":"SearchAction","target":{"@type":"EntryPoint","urlTemplate":"https:\/\/securdach.it\/de\/?s={search_term_string}"},"query-input":{"@type":"PropertyValueSpecification","valueRequired":true,"valueName":"search_term_string"}}],"inLanguage":"de"},{"@type":"Organization","@id":"https:\/\/securdach.it\/de\/#organization","name":"Securdach - Infissi, Porte Blindate, Finestre","alternateName":"Securdach - Infissi, Porte Blindate, Finestre","url":"https:\/\/securdach.it\/de\/","logo":{"@type":"ImageObject","inLanguage":"de","@id":"https:\/\/securdach.it\/de\/#\/schema\/logo\/image\/","url":"https:\/\/securdach.it\/wp-content\/uploads\/2025\/10\/Securdach-2.bmp","contentUrl":"https:\/\/securdach.it\/wp-content\/uploads\/2025\/10\/Securdach-2.bmp","width":600,"height":155,"caption":"Securdach - Infissi, Porte Blindate, Finestre"},"image":{"@id":"https:\/\/securdach.it\/de\/#\/schema\/logo\/image\/"}}]}},"_links":{"self":[{"href":"https:\/\/securdach.it\/de\/wp-json\/wp\/v2\/pages\/784","targetHints":{"allow":["GET"]}}],"collection":[{"href":"https:\/\/securdach.it\/de\/wp-json\/wp\/v2\/pages"}],"about":[{"href":"https:\/\/securdach.it\/de\/wp-json\/wp\/v2\/types\/page"}],"author":[{"embeddable":true,"href":"https:\/\/securdach.it\/de\/wp-json\/wp\/v2\/users\/1"}],"replies":[{"embeddable":true,"href":"https:\/\/securdach.it\/de\/wp-json\/wp\/v2\/comments?post=784"}],"version-history":[{"count":1,"href":"https:\/\/securdach.it\/de\/wp-json\/wp\/v2\/pages\/784\/revisions"}],"predecessor-version":[{"id":785,"href":"https:\/\/securdach.it\/de\/wp-json\/wp\/v2\/pages\/784\/revisions\/785"}],"wp:attachment":[{"href":"https:\/\/securdach.it\/de\/wp-json\/wp\/v2\/media?parent=784"}],"curies":[{"name":"wp","href":"https:\/\/api.w.org\/{rel}","templated":true}]}}