{"id":779,"date":"2025-11-19T15:25:41","date_gmt":"2025-11-19T15:25:41","guid":{"rendered":"https:\/\/securdach.it\/cookie-richtlinie\/"},"modified":"2026-03-30T08:19:30","modified_gmt":"2026-03-30T08:19:30","slug":"cookie-richtlinie","status":"publish","type":"page","link":"https:\/\/securdach.it\/de\/cookie-richtlinie\/","title":{"rendered":"Cookie-Richtlinie"},"content":{"rendered":"<h2>Die von uns verwendeten Cookies<\/h2>\n<h2>Introduzione<\/h2>\n<p>Diese Richtlinie soll erkl\u00e4ren, wie diese Website Cookies verwendet, um klare und relevante Informationen bereitzustellen, die es den Nutzern erm\u00f6glichen, ihre Entscheidungen in Bezug auf die Kontrolle dar\u00fcber zu treffen, was beim Zugriff auf die Website passiert.<br \/>Die Richtlinie verwendet den Begriff \u201eCookie\u201c f\u00fcr Informationsdateien, die auf dem Computer des Nutzers gespeichert werden, um die im Internet durchgef\u00fchrte Navigation zu beschleunigen und zu optimieren, sowie f\u00fcr \u00e4hnliche Technologien, die gesetzlich vorgesehen sind (z.\u202fB. Local Shared Objects \u2013 allgemein als \u201eFlash-Cookies\u201c bezeichnet \u2013, Web Beacons oder Bugs, einschlie\u00dflich transparenter Clear GIFs).<br \/>Die gesammelten Informationen betreffen Daten, die es erm\u00f6glichen k\u00f6nnten, Nutzer\/Besucher durch Verkn\u00fcpfung und Verarbeitung mit von Dritten gehaltenen Daten zu identifizieren (z.\u202fB. IP-Adressen, Domainnamen der von Personen verwendeten Computer, die auf die Website zugreifen).<br \/>Diese Daten werden ausschlie\u00dflich f\u00fcr statistische Zwecke verwendet.  <\/p>\n<p>Dieses Dokument ist ein wesentlicher und integraler Bestandteil der Datenschutzrichtlinie sowie der darin enthaltenen Informationen, die auch gem\u00e4\u00df der EU-Verordnung Nr. 2016\/679 (DSGVO) bereitgestellt werden. Es wird daher empfohlen, dieses Dokument sorgf\u00e4ltig zu lesen.  <\/p>\n<h2>Anwendbares Recht<\/h2>\n<p>Der Bereich wird durch die Europ\u00e4ische Richtlinie 2002\/58\/EG \u2013 sp\u00e4ter ge\u00e4ndert durch die Richtlinie 2009\/136\/EG und in die nationalen Rechtsvorschriften der Mitgliedstaaten der Europ\u00e4ischen Union umgesetzt \u2013 geregelt, die die Einholung der Zustimmung f\u00fcr Cookies und \u00e4hnliche Technologien vorschreibt.<\/p>\n<h2>Was ist ein Cookie<\/h2>\n<p>Ein Cookie ist eine kleine Textdatei, meist aus Buchstaben und Zahlen, die auf einem Ger\u00e4t gespeichert wird, wenn ein Nutzer die Website besucht. Cookies werden bei jedem weiteren Besuch an die Ursprungswebsite zur\u00fcckgesendet. Cookies sind n\u00fctzlich, da sie einer Website erm\u00f6glichen, das Ger\u00e4t eines Nutzers zu erkennen.  <\/p>\n<p>Die Verwendung von Cookies und \u00e4hnlichen Technologien ist seit langem g\u00e4ngige Praxis, da Cookies f\u00fcr die Bereitstellung vieler Online-Dienste wichtig sind. Die Nutzung dieser Technologien ist daher gesetzlich nicht verboten, erfordert jedoch, dass der Nutzer \u00fcber Cookies informiert wird und die M\u00f6glichkeit erh\u00e4lt, deren Verwendung zu akzeptieren oder abzulehnen. <\/p>\n<h2>Cookies verschiedener Art<\/h2>\n<p>Sitzungs- und dauerhafte Cookies<\/p>\n<p>Cookies k\u00f6nnen am Ende einer Browsersitzung ablaufen (d.\u202fh. von dem Moment an, in dem ein Nutzer das Browserfenster \u00f6ffnet, bis er den Browser schlie\u00dft), oder sie k\u00f6nnen l\u00e4nger gespeichert werden.<\/p>\n<p>Sitzungscookies \u2013 Sie erm\u00f6glichen es Websites, die Aktionen eines Nutzers w\u00e4hrend einer Browsersitzung zu verkn\u00fcpfen. Sie k\u00f6nnen f\u00fcr verschiedene Zwecke verwendet werden, z.\u202fB. um sich zu merken, was ein Nutzer in seinen Warenkorb gelegt hat, w\u00e4hrend er auf der Website navigiert. Sie k\u00f6nnen auch f\u00fcr Sicherheitszwecke beim Zugriff auf Online-Banking oder zur Erleichterung der Nutzung von Webmail eingesetzt werden. Diese Sitzungscookies laufen am Ende einer Browsersitzung ab.   <\/p>\n<p>Die Verwendung der sogenannten Session-Cookies (die in jedem Fall nicht dauerhaft auf dem Computer des Nutzers gespeichert werden und automatisch gel\u00f6scht werden, sobald der Browser geschlossen wird) ist strikt auf die Zwecke der Daten\u00fcbertragung beschr\u00e4nkt (bestehend aus vom Server erzeugten Zufallszahlen), die die spezifische Sitzung identifizieren und erforderlich sind, um eine sichere und effiziente Navigation zu erm\u00f6glichen.<br \/>Die sogenannten Session-Cookies, die auf dieser Website verwendet werden, vermeiden den Einsatz anderer informationstechnischer Techniken, die potenziell die Vertraulichkeit der Online-Navigation der Nutzer beeintr\u00e4chtigen k\u00f6nnten. <\/p>\n<p>Persistente Cookies \u2013 sie werden auf dem Ger\u00e4t der Nutzer zwischen verschiedenen Browsersitzungen gespeichert und erm\u00f6glichen es, die Handlungen des Nutzers auf einer Website zu speichern. Persistente Cookies k\u00f6nnen f\u00fcr eine Vielzahl von Zwecken verwendet werden, darunter das Speichern von Pr\u00e4ferenzen und Entscheidungen der Nutzer bei der Nutzung einer Website (oder in einigen F\u00e4llen \u00fcber verschiedene Websites hinweg). <\/p>\n<p>Cookies der \u201eersten\u201c und \u201edritten Partei\u201c \u2013 Der Umstand, dass ein Cookie ein \u201eErstanbieter-\u201c oder \u201eDrittanbieter-Cookie\u201c ist, steht in engem Zusammenhang mit der Website oder der Domain, die dieses bestimmte Cookie verwendet. Cookies der \u201eersten Partei\u201c sind im Wesentlichen Cookies, die von derselben Website gesetzt werden, die vom Nutzer besucht wird \u2013 also der Website, die im URL-Fenster angezeigt wird: in unserem Fall die von https:\/\/securdach.it gesetzten Cookies. Cookies von \u201edritten Parteien\u201c sind Cookies, die von einer anderen Domain als der vom Nutzer besuchten gesetzt werden: also Cookies, die von anderen Websites als https:\/\/securdach.it gesetzt werden. Wenn Sie https:\/\/securdach.it besucht haben, hat Google Analytics das Cookie mit dem Namen \u201e_ga\u201c \u00fcber die Domain gstatic.com gesetzt; dieses spezifische Cookie ist ein Cookie einer \u201edritten Partei\u201c. <\/p>\n<h2>Verantwortlicher f\u00fcr die Verarbeitung<\/h2>\n<p>Local web, wie in der <a href=\"https:\/\/securdach.it\/informativa-sul-trattamento-dei-dati-personali\/\">Privacy Policy<\/a> angegeben, ist Verantwortlicher f\u00fcr die Verarbeitung der \u2013 und haftet ausschlie\u00dflich f\u00fcr die eigenen Cookies, d. h. die der \u201eersten Partei\u201c; hingegen fallen die Cookies der \u201edritten Parteien\u201c in die Verantwortlichkeit der jeweils zust\u00e4ndigen Unternehmen, die gem\u00e4\u00df der in diesem Dokument enthaltenen Tabelle identifiziert werden.<\/p>\n<h2>Einwilligung f\u00fcr Cookies<\/h2>\n<p>Einige Cookies sind f\u00fcr das ordnungsgem\u00e4\u00dfe Funktionieren des Internets unbedingt erforderlich und erfordern keine Einwilligung des Nutzers, wie beispielsweise diejenigen, die gew\u00e4hrleisten, dass der Inhalt einer Seite schnell und effizient geladen wird, die Verteilung der Arbeitslast zwischen verschiedenen Computern oder diejenigen, die der Gew\u00e4hrleistung der Sicherheit dienen.<\/p>\n<p>Andere Cookies sind zwar dennoch vern\u00fcnftigerweise erforderlich oder wichtig, sind jedoch nicht unbedingt unverzichtbar und erfordern daher die Einwilligung des Nutzers.<br \/>\n <\/p>\n<p>Diese Website wendet verschiedene Techniken zur Einholung der Einwilligung des Nutzers an: Eine M\u00f6glichkeit ist die Auswahl des entsprechenden Kontrollk\u00e4stchens auf dem Cookie-Banner, das auf der Zugangsseite der Website angezeigt wird und die Nutzung von Cookies kenntlich macht.<\/p>\n<p>Die Browsereinstellungen stellen ein weiteres Mittel zur Erteilung der Einwilligung oder zum Gegenteil, zur Ablehnung von Cookies dar; der Nutzer kann den Browser so einstellen, dass er \u00fcber das Vorhandensein von Cookies informiert wird, wodurch er entscheiden kann, ob er die Cookies akzeptiert oder nicht. Es ist auch m\u00f6glich, alle Cookies automatisch abzulehnen, indem die entsprechende Option im Browser aktiviert wird. <\/p>\n<p>Jeder Browser weist diesbez\u00fcglich auf entsprechende Anweisungen hin.<\/p>\n<h2>Widerruf der Einwilligung<\/p>\n<\/h2>\n<p>Ihre Einwilligung zur Nutzung von Cookies kann jederzeit widerrufen werden, auch wenn der Widerruf Auswirkungen auf die Funktionalit\u00e4t der Website haben kann.<br \/>\n <\/p>\n<p>Deaktivierung von Cookies<\/p>\n<p>Cookies sind mit dem verwendeten Browser verkn\u00fcpft und k\u00f6nnen direkt im Browser deaktiviert werden, wodurch die Einwilligung zur Nutzung von Cookies abgelehnt\/entzogen wird. Es ist zu beachten, dass die Deaktivierung von Cookies die ordnungsgem\u00e4\u00dfe Nutzung bestimmter Funktionen der Website beeintr\u00e4chtigen kann. Die Anleitungen zur Deaktivierung von Cookies finden Sie auf den folgenden Webseiten:  <\/p>\n<ul>\n<li><a href=\"http:\/\/windows.microsoft.com\/it-it\/windows7\/block-enable-or-allow-cookies\">Microsoft Internet Explorer<\/a><\/li>\n<li><a href=\"https:\/\/support.google.com\/accounts\/answer\/61416?hl=it\">Google Chrome<\/a><\/li>\n<li><a href=\"https:\/\/support.apple.com\/kb\/PH19214?locale=it_IT\">Apple Safari<\/a><\/li>\n<li><a href=\"https:\/\/support.mozilla.org\/it\/kb\/Attivare%20e%20disattivare%20i%20cookie\">Mozilla Firefox<\/a><\/li>\n<li><a href=\"http:\/\/help.opera.com\/Windows\/10.00\/it\/cookies.html\">Opera<\/a><\/li>\n<\/ul>\n<h2>Welche Cookies wir verwenden<\/p>\n<\/h2>\n<p>Beim Betreiben der eigenen Website verwendet die Website Cookies, um Dienste anzubieten, die Nutzererfahrung zu verbessern sowie aggregierte Statistiken \u00fcber die aus verschiedenen Gr\u00fcnden gesammelten Daten zu erstellen.<br \/>\n <\/p>\n<p>Diese Cookies erm\u00f6glichen es uns, den Nutzer der Website von anderen zu unterscheiden, helfen uns, ein gutes Erlebnis beim Surfen auf unserer Website zu bieten und unsere Website zu verbessern.<br \/>\n <\/p>\n<p>Die von uns verwendeten Cookies sind \u201etechnische\u201c und \u201eanalytische\u201c Cookies. Sie erm\u00f6glichen es uns, die Anzahl der Besucher zu erkennen und zu z\u00e4hlen und zu untersuchen, wie die Besucher die Website nutzen. Dies hilft uns, die Funktionsweise unserer Website zu verbessern, beispielsweise indem sichergestellt wird, dass die Nutzer leicht finden, was sie ben\u00f6tigen. Um mehr \u00fcber die einzelnen von uns verwendeten Analyse-Cookies zu erfahren und wie man sie erkennt, verweisen wir auf die untenstehende Tabelle.<\/p>\n<p>Genauer gesagt verwendet diese Website die folgenden Arten von Cookies, wie in der nachstehenden Tabelle aufgef\u00fchrt:<\/p>\n<ol>\n<li>Technische Cookies: erforderlich f\u00fcr die Navigation auf der Website und f\u00fcr die Nutzung bestimmter Funktionen (z.\u202fB. zum Wechseln von einer Seite zur anderen usw.).<\/li>\n<li>Analytische Cookies: zur statistischen Analyse der Zugriffe auf die Website. Die Informationen werden auf aggregierter Basis gesammelt.\n<\/li>\n<\/ol>\n<p>&nbsp;<\/p>\n<table>\n<tbody>\n<tr>\n<td colspan=\"2\" width=\"251\">DETAILS DER AUF DER WEBSITE VORHANDENEN COOKIES<\/p>\n<\/td>\n<td colspan=\"2\" width=\"513\"><\/td>\n<td width=\"516\"><\/td>\n<\/tr>\n<tr>\n<td width=\"89\">Typ<\/td>\n<td width=\"162\">Name<\/td>\n<td width=\"399\">Zweck\/Funktion<\/td>\n<td width=\"114\">Dauer<\/td>\n<td width=\"516\">URL<\/td>\n<\/tr>\n<tr>\nTechnische Cookies <\/p>\n<td width=\"89\">(Erstanbieter)<\/td>\n<p>Unbedingt erforderlich f\u00fcr die <\/p>\n<td width=\"162\">ordnungsgem\u00e4\u00dfe Navigation:<\/td>\n<p> \u2013 (displayCookieConsent)<br \/>\nDieses Cookie teilt der Website mit, ob das Popup zur Einholung der <\/p>\n<td width=\"399\">Einwilligung <\/td>\n<p>f\u00fcr Cookies angezeigt werden soll. Wenn der <\/p>\n<td width=\"114\">Nutzer <\/td>\n<p>zustimmt, speichert ein Cookie diese Aktion und zeigt das Popup nicht mehr an.<br \/>\nDie Lebensdauer des Cookies betr\u00e4gt 12 Monate.<\/p>\n<td width=\"516\"><\/td>\n<\/tr>\n<tr>\n<td rowspan=\"3\" width=\"89\">Cookies von Drittanbietern<\/p>\n<\/td>\n<td rowspan=\"3\" width=\"162\">Analytische Cookies: Google Analytics (__utma, __utmb, __utmc, __utmv, __utmz)<\/p>\n<\/td>\n<td rowspan=\"3\" width=\"399\">Diese Cookies werden von Google Analytics verwendet, um Informationen \u00fcber die Nutzung unserer Website durch die Besucher zu sammeln, Informationen, die uns helfen, deren Navigation zu verbessern. Die Cookies verfolgen Informationen auf anonyme Weise und beinhalten Daten \u00fcber die Anzahl der Besucher auf der Website, ihre Herkunft, die Verweildauer auf der Website und die von ihnen besuchten Seiten. Um mehr \u00fcber die Inhalte der Verarbeitung der Cookies zu erfahren, laden wir Sie ein, die Google-Website zu besuchen:<br \/>\nhttps:\/\/www.google.com\/intl\/it\/policies\/technologies\/types\/  <\/td>\n<td rowspan=\"3\" width=\"114\">Das Cookie mit der l\u00e4ngsten Lebensdauer l\u00e4uft 2 Jahre nach dem letzten Besuch der Website ab. Andere werden nach 6 Monaten, 30 Minuten oder beim Schlie\u00dfen des Browsers gel\u00f6scht.<br \/>\n  <\/td>\n<td width=\"516\"><\/td>\n<\/tr>\n<tr>\n<td width=\"516\"><a href=\"https:\/\/developers.google.com\/analytics\/devguides\/collection\/analyticsjs\/cookie-usage\">Link<\/a><\/td>\n<\/tr>\n<tr>\n<td width=\"516\"><\/td>\n<\/tr>\n<tr>\n<td width=\"89\">Cookies von Drittanbietern<\/td>\n<p>Leistungs- und Funktions-Cookies: <\/p>\n<td width=\"162\">Google Maps (APISID, GAPS, HSID<\/td>\n<p>, NID, OGP, OGPC, PREF, SAPISID, SID, SNID, SSID)<br \/>\nDiese Cookies werden von <\/p>\n<td width=\"399\">Google Maps verwendet<\/td>\n<p>, <\/p>\n<td width=\"114\">um Pr\u00e4ferenzen und Informationen <\/td>\n<p>des Nutzers zu speichern, wenn dieser Standorte oder Verkaufsstellen auf automatisch von Google <\/p>\n<td width=\"516\">generierten <\/td>\n<p>und in die Website integrierten Karten suchen m\u00f6chte. Sie werden nur auf Seiten verwendet, auf denen Google-Karten angezeigt werden.<br \/>\nDie meisten Cookies laufen 10 Jahre nach Ihrem letzten Besuch einer Seite mit einer Google-Karte ab.<br \/>\n<a href=\"https:\/\/www.google.com\/policies\/technologies\/types\/\">Link<\/a><br \/>\n<\/tr>\n<tr>\n<td width=\"89\">Cookies von Drittanbietern<\/p>\n<\/td>\n<td width=\"162\">Leistungs- und Funktions-Cookies: YouTube (SID, LOGIN_INFO, use_hotbox, PREF, SSID, HSID, watched_video_id_list, __utma, __utmz, demographics, VISITOR_INFO1_LIVE)<br \/>\n <\/td>\n<td width=\"399\">Google hat auf jeder Seite, die ein YouTube-Video enth\u00e4lt, eine bestimmte Anzahl von Cookies gesetzt.<br \/>\nAuch wenn wir keine Kontrolle \u00fcber die von Google gesetzten Cookies haben, scheinen sie eine Mischung von Informationen zu enthalten, um die Anzahl und das Verhalten der YouTube-Nutzer zu messen, einschlie\u00dflich Informationen, die Besuche auf unserer Website mit Ihrem Google-Konto verkn\u00fcpfen, falls Sie eingeloggt sind. Informationen \u00fcber Ihre Nutzung unserer Website, einschlie\u00dflich der IP-Adresse, k\u00f6nnen an Google \u00fcbermittelt und auf den Servern von Google gespeichert werden. Dieses Cookie identifiziert Sie nicht pers\u00f6nlich, es sei denn, Sie sind bei Google angemeldet, in diesem Fall wird es mit Ihrem Google-Konto verkn\u00fcpft.  <\/td>\n<td width=\"114\">Die meisten Cookies laufen 10 Jahre nach Ihrem letzten Besuch einer Seite mit einem YouTube-Video ab, einige laufen fr\u00fcher ab.<br \/>\n <\/td>\n<td width=\"516\"><a href=\"https:\/\/www.google.com\/policies\/technologies\/types\/\">Link<\/a><\/td>\n<\/tr>\n<tr>\n<td width=\"89\">Cookies von Drittanbietern<\/td>\n<p>Profiling- oder <\/p>\n<td width=\"162\">Werbe-Cookies<\/td>\n<p>: Google (APISID, CONSENT, HSID, NID, SAPISID, SID, SSID)<br \/>\nDieses Set von Cookies betrifft die Werbekampagnen von Google und wird gesetzt, um das Verhalten des Nutzers nach dem Konsum von <\/p>\n<td width=\"399\">Inhalten <\/td>\n<p>zu identifizieren.<br \/>\nDie meisten Cookies laufen 10 Jahre <\/p>\n<td width=\"114\">nach <\/td>\n<p>Ihrem letzten Besuch einer Seite mit einem YouTube-Video ab, einige laufen fr\u00fcher ab.<\/p>\n<td width=\"516\"><\/td>\n<\/tr>\n<tr>\n<td width=\"89\">Cookies von Drittanbietern<\/p>\n<\/td>\n<td width=\"162\">Profiling- oder Werbe-Cookies: doubleclick.net (DSID, IDE, id)<\/p>\n<\/td>\n<td width=\"399\">Diese Cookies sind mit DoubleClick, dem Publisher-Dienst von Google, verbunden, und ihr Hauptzweck besteht darin, die Leistung der vom Nutzer ausgel\u00f6sten Werbekampagnen zu erfassen. Die Cookies k\u00f6nnen nur auf bestimmten oder auf allen Seiten der Website aktiviert werden.<\/p>\n<\/td>\n<td width=\"114\">Die Lebensdauer der Cookies betr\u00e4gt 2 Monate, 3 Tage und 4 Tage.<\/p>\n<\/td>\n<td width=\"516\"><a href=\"https:\/\/support.google.com\/adsense\/answer\/2839090?hl=it\">Link<\/a><\/td>\n<\/tr>\n<\/tbody>\n<\/table>\n<p>&nbsp;<\/p>\n<p>Einige der verwendeten Cookies stammen von Drittanbietern. Der Prozess zur Einholung der Einwilligung f\u00fcr diese Cookies ist komplexer, aber wir tun unser Bestes, um den Nutzern die richtigen Informationen bereitzustellen und ihnen zu erm\u00f6glichen, informierte Entscheidungen dar\u00fcber zu treffen, was auf ihrem Ger\u00e4t gespeichert wird. <\/p>\n<p>Aus diesem Grund stellt das Unternehmen die Adressen dieser Drittanbieter zur Verf\u00fcgung, an die man sich wenden kann, oder gibt, falls diese fehlen, hier die M\u00f6glichkeiten an, Cookies zu entfernen, die man nicht akzeptieren m\u00f6chte.<\/p>\n<h2>Geltungsbereich und Speicherung von Daten<\/p>\n<\/h2>\n<p>Die Daten zu Web-Kontakten werden nicht l\u00e4nger als sieben Tage aufbewahrt, au\u00dfer im Falle von Ermittlungen zu Cyberstraftaten gegen die Website. Keine Daten, die aus dem Webdienst stammen, werden an nicht spezifizierte Empf\u00e4nger weitergegeben oder verbreitet.<\/p>\n<h2>Aktualisierung der Cookie-Richtlinie<\/p>\n<\/h2>\n<p>Die Cookie-Richtlinie unserer Website kann periodisch aktualisiert werden, daher wird empfohlen, dieses Dokument bei jedem Zugriff auf die Website zu konsultieren, um korrekt dar\u00fcber informiert zu sein, wie und warum wir Cookies verwenden.<\/p>\n<h2>Weitere Informationen zu Cookies<\/p>\n<\/h2>\n<p>F\u00fcr weitere Informationen \u00fcber die auf dieser Website gesetzten Cookies k\u00f6nnen Sie die folgende Adresse kontaktieren<\/p>\n<p>e-mail: <a href=\"mailto:info@localweb.it\">info@localweb.it<\/a><\/p>\n<h2>Letzte \u00dcberarbeitung<\/p>\n<\/h2>\n<p>Letzte \u00dcberarbeitung: 19.11.2025<\/p>\n","protected":false},"excerpt":{"rendered":"<p>Die von uns verwendeten Cookies Introduzione Diese Richtlinie soll erkl\u00e4ren, wie diese Website Cookies verwendet, um klare und relevante Informationen bereitzustellen, die es den Nutzern erm\u00f6glichen, ihre Entscheidungen in Bezug auf die Kontrolle dar\u00fcber zu treffen, was beim Zugriff auf die Website passiert.Die Richtlinie verwendet den Begriff \u201eCookie\u201c f\u00fcr Informationsdateien, die auf dem Computer des [&hellip;]<\/p>\n","protected":false},"author":1,"featured_media":0,"parent":0,"menu_order":0,"comment_status":"closed","ping_status":"closed","template":"","meta":{"_acf_changed":false,"_joinchat":[],"footnotes":""},"class_list":["post-779","page","type-page","status-publish","hentry"],"acf":[],"yoast_head":"<!-- This site is optimized with the Yoast SEO plugin v27.5 - https:\/\/yoast.com\/product\/yoast-seo-wordpress\/ -->\n<title>Cookie-Richtlinie - Securdach<\/title>\n<meta name=\"robots\" content=\"noindex, nofollow\" \/>\n<meta property=\"og:locale\" content=\"de_DE\" \/>\n<meta property=\"og:type\" content=\"article\" \/>\n<meta property=\"og:title\" content=\"Cookie-Richtlinie - Securdach\" \/>\n<meta property=\"og:description\" content=\"Die von uns verwendeten Cookies Introduzione Diese Richtlinie soll erkl\u00e4ren, wie diese Website Cookies verwendet, um klare und relevante Informationen bereitzustellen, die es den Nutzern erm\u00f6glichen, ihre Entscheidungen in Bezug auf die Kontrolle dar\u00fcber zu treffen, was beim Zugriff auf die Website passiert.Die Richtlinie verwendet den Begriff \u201eCookie\u201c f\u00fcr Informationsdateien, die auf dem Computer des [&hellip;]\" \/>\n<meta property=\"og:url\" content=\"https:\/\/securdach.it\/de\/cookie-richtlinie\/\" \/>\n<meta property=\"og:site_name\" content=\"Securdach\" \/>\n<meta property=\"article:modified_time\" content=\"2026-03-30T08:19:30+00:00\" \/>\n<meta name=\"twitter:card\" content=\"summary_large_image\" \/>\n<meta name=\"twitter:label1\" content=\"Gesch\u00e4tzte Lesezeit\" \/>\n\t<meta name=\"twitter:data1\" content=\"10\u00a0Minuten\" \/>\n<script type=\"application\/ld+json\" class=\"yoast-schema-graph\">{\"@context\":\"https:\\\/\\\/schema.org\",\"@graph\":[{\"@type\":\"WebPage\",\"@id\":\"https:\\\/\\\/securdach.it\\\/de\\\/cookie-richtlinie\\\/\",\"url\":\"https:\\\/\\\/securdach.it\\\/de\\\/cookie-richtlinie\\\/\",\"name\":\"Cookie-Richtlinie - Securdach\",\"isPartOf\":{\"@id\":\"https:\\\/\\\/securdach.it\\\/de\\\/#website\"},\"datePublished\":\"2025-11-19T15:25:41+00:00\",\"dateModified\":\"2026-03-30T08:19:30+00:00\",\"breadcrumb\":{\"@id\":\"https:\\\/\\\/securdach.it\\\/de\\\/cookie-richtlinie\\\/#breadcrumb\"},\"inLanguage\":\"de\",\"potentialAction\":[{\"@type\":\"ReadAction\",\"target\":[\"https:\\\/\\\/securdach.it\\\/de\\\/cookie-richtlinie\\\/\"]}]},{\"@type\":\"BreadcrumbList\",\"@id\":\"https:\\\/\\\/securdach.it\\\/de\\\/cookie-richtlinie\\\/#breadcrumb\",\"itemListElement\":[{\"@type\":\"ListItem\",\"position\":1,\"name\":\"Home\",\"item\":\"https:\\\/\\\/securdach.it\\\/de\\\/startseite\\\/\"},{\"@type\":\"ListItem\",\"position\":2,\"name\":\"Cookie-Richtlinie\"}]},{\"@type\":\"WebSite\",\"@id\":\"https:\\\/\\\/securdach.it\\\/de\\\/#website\",\"url\":\"https:\\\/\\\/securdach.it\\\/de\\\/\",\"name\":\"Securdach - Infissi, Porte Blindate, Finestre\",\"description\":\"Infissi, Porte Blindate, Finestre\",\"publisher\":{\"@id\":\"https:\\\/\\\/securdach.it\\\/de\\\/#organization\"},\"alternateName\":\"Securdach - Infissi, Porte Blindate, Finestre\",\"potentialAction\":[{\"@type\":\"SearchAction\",\"target\":{\"@type\":\"EntryPoint\",\"urlTemplate\":\"https:\\\/\\\/securdach.it\\\/de\\\/?s={search_term_string}\"},\"query-input\":{\"@type\":\"PropertyValueSpecification\",\"valueRequired\":true,\"valueName\":\"search_term_string\"}}],\"inLanguage\":\"de\"},{\"@type\":\"Organization\",\"@id\":\"https:\\\/\\\/securdach.it\\\/de\\\/#organization\",\"name\":\"Securdach - Infissi, Porte Blindate, Finestre\",\"alternateName\":\"Securdach - Infissi, Porte Blindate, Finestre\",\"url\":\"https:\\\/\\\/securdach.it\\\/de\\\/\",\"logo\":{\"@type\":\"ImageObject\",\"inLanguage\":\"de\",\"@id\":\"https:\\\/\\\/securdach.it\\\/de\\\/#\\\/schema\\\/logo\\\/image\\\/\",\"url\":\"https:\\\/\\\/securdach.it\\\/wp-content\\\/uploads\\\/2025\\\/10\\\/Securdach-2.bmp\",\"contentUrl\":\"https:\\\/\\\/securdach.it\\\/wp-content\\\/uploads\\\/2025\\\/10\\\/Securdach-2.bmp\",\"width\":600,\"height\":155,\"caption\":\"Securdach - Infissi, Porte Blindate, Finestre\"},\"image\":{\"@id\":\"https:\\\/\\\/securdach.it\\\/de\\\/#\\\/schema\\\/logo\\\/image\\\/\"}}]}<\/script>\n<!-- \/ Yoast SEO plugin. -->","yoast_head_json":{"title":"Cookie-Richtlinie - Securdach","robots":{"index":"noindex","follow":"nofollow"},"og_locale":"de_DE","og_type":"article","og_title":"Cookie-Richtlinie - Securdach","og_description":"Die von uns verwendeten Cookies Introduzione Diese Richtlinie soll erkl\u00e4ren, wie diese Website Cookies verwendet, um klare und relevante Informationen bereitzustellen, die es den Nutzern erm\u00f6glichen, ihre Entscheidungen in Bezug auf die Kontrolle dar\u00fcber zu treffen, was beim Zugriff auf die Website passiert.Die Richtlinie verwendet den Begriff \u201eCookie\u201c f\u00fcr Informationsdateien, die auf dem Computer des [&hellip;]","og_url":"https:\/\/securdach.it\/de\/cookie-richtlinie\/","og_site_name":"Securdach","article_modified_time":"2026-03-30T08:19:30+00:00","twitter_card":"summary_large_image","twitter_misc":{"Gesch\u00e4tzte Lesezeit":"10\u00a0Minuten"},"schema":{"@context":"https:\/\/schema.org","@graph":[{"@type":"WebPage","@id":"https:\/\/securdach.it\/de\/cookie-richtlinie\/","url":"https:\/\/securdach.it\/de\/cookie-richtlinie\/","name":"Cookie-Richtlinie - Securdach","isPartOf":{"@id":"https:\/\/securdach.it\/de\/#website"},"datePublished":"2025-11-19T15:25:41+00:00","dateModified":"2026-03-30T08:19:30+00:00","breadcrumb":{"@id":"https:\/\/securdach.it\/de\/cookie-richtlinie\/#breadcrumb"},"inLanguage":"de","potentialAction":[{"@type":"ReadAction","target":["https:\/\/securdach.it\/de\/cookie-richtlinie\/"]}]},{"@type":"BreadcrumbList","@id":"https:\/\/securdach.it\/de\/cookie-richtlinie\/#breadcrumb","itemListElement":[{"@type":"ListItem","position":1,"name":"Home","item":"https:\/\/securdach.it\/de\/startseite\/"},{"@type":"ListItem","position":2,"name":"Cookie-Richtlinie"}]},{"@type":"WebSite","@id":"https:\/\/securdach.it\/de\/#website","url":"https:\/\/securdach.it\/de\/","name":"Securdach - Infissi, Porte Blindate, Finestre","description":"Infissi, Porte Blindate, Finestre","publisher":{"@id":"https:\/\/securdach.it\/de\/#organization"},"alternateName":"Securdach - Infissi, Porte Blindate, Finestre","potentialAction":[{"@type":"SearchAction","target":{"@type":"EntryPoint","urlTemplate":"https:\/\/securdach.it\/de\/?s={search_term_string}"},"query-input":{"@type":"PropertyValueSpecification","valueRequired":true,"valueName":"search_term_string"}}],"inLanguage":"de"},{"@type":"Organization","@id":"https:\/\/securdach.it\/de\/#organization","name":"Securdach - Infissi, Porte Blindate, Finestre","alternateName":"Securdach - Infissi, Porte Blindate, Finestre","url":"https:\/\/securdach.it\/de\/","logo":{"@type":"ImageObject","inLanguage":"de","@id":"https:\/\/securdach.it\/de\/#\/schema\/logo\/image\/","url":"https:\/\/securdach.it\/wp-content\/uploads\/2025\/10\/Securdach-2.bmp","contentUrl":"https:\/\/securdach.it\/wp-content\/uploads\/2025\/10\/Securdach-2.bmp","width":600,"height":155,"caption":"Securdach - Infissi, Porte Blindate, Finestre"},"image":{"@id":"https:\/\/securdach.it\/de\/#\/schema\/logo\/image\/"}}]}},"_links":{"self":[{"href":"https:\/\/securdach.it\/de\/wp-json\/wp\/v2\/pages\/779","targetHints":{"allow":["GET"]}}],"collection":[{"href":"https:\/\/securdach.it\/de\/wp-json\/wp\/v2\/pages"}],"about":[{"href":"https:\/\/securdach.it\/de\/wp-json\/wp\/v2\/types\/page"}],"author":[{"embeddable":true,"href":"https:\/\/securdach.it\/de\/wp-json\/wp\/v2\/users\/1"}],"replies":[{"embeddable":true,"href":"https:\/\/securdach.it\/de\/wp-json\/wp\/v2\/comments?post=779"}],"version-history":[{"count":1,"href":"https:\/\/securdach.it\/de\/wp-json\/wp\/v2\/pages\/779\/revisions"}],"predecessor-version":[{"id":780,"href":"https:\/\/securdach.it\/de\/wp-json\/wp\/v2\/pages\/779\/revisions\/780"}],"wp:attachment":[{"href":"https:\/\/securdach.it\/de\/wp-json\/wp\/v2\/media?parent=779"}],"curies":[{"name":"wp","href":"https:\/\/api.w.org\/{rel}","templated":true}]}}