{"id":777,"date":"2025-10-26T14:10:43","date_gmt":"2025-10-26T14:10:43","guid":{"rendered":"https:\/\/securdach.it\/ueber-uns\/"},"modified":"2026-03-30T08:01:58","modified_gmt":"2026-03-30T08:01:58","slug":"ueber-uns","status":"publish","type":"page","link":"https:\/\/securdach.it\/de\/ueber-uns\/","title":{"rendered":"\u00dcber uns"},"content":{"rendered":"\t\t<div data-elementor-type=\"wp-page\" data-elementor-id=\"777\" class=\"elementor elementor-777 elementor-138\">\n\t\t\t\t\t\t<section class=\"elementor-section elementor-top-section elementor-element elementor-element-3e4eacc3 elementor-section-boxed elementor-section-height-default elementor-section-height-default\" data-id=\"3e4eacc3\" data-element_type=\"section\" data-e-type=\"section\" data-settings=\"{&quot;background_background&quot;:&quot;classic&quot;}\">\n\t\t\t\t\t\t<div class=\"elementor-container elementor-column-gap-default\">\n\t\t\t\t\t<div class=\"elementor-column elementor-col-100 elementor-top-column elementor-element elementor-element-62b0283e\" data-id=\"62b0283e\" data-element_type=\"column\" data-e-type=\"column\">\n\t\t\t<div class=\"elementor-widget-wrap elementor-element-populated\">\n\t\t\t\t\t\t<div class=\"elementor-element elementor-element-257d849f elementor-invisible elementor-widget elementor-widget-heading\" data-id=\"257d849f\" data-element_type=\"widget\" data-e-type=\"widget\" data-settings=\"{&quot;_animation&quot;:&quot;fadeInDown&quot;,&quot;_animation_delay&quot;:&quot;100&quot;}\" data-widget_type=\"heading.default\">\n\t\t\t\t\t<h1 class=\"elementor-heading-title elementor-size-default\">\u00dcber uns<\/h1>\t\t\t\t<\/div>\n\t\t\t\t\t<\/div>\n\t\t<\/div>\n\t\t\t\t\t<\/div>\n\t\t<\/section>\n\t\t\t\t<section class=\"elementor-section elementor-top-section elementor-element elementor-element-4d3246f4 elementor-section-content-middle elementor-section-boxed elementor-section-height-default elementor-section-height-default\" data-id=\"4d3246f4\" data-element_type=\"section\" data-e-type=\"section\">\n\t\t\t\t\t\t<div class=\"elementor-container elementor-column-gap-default\">\n\t\t\t\t\t<div class=\"elementor-column elementor-col-50 elementor-top-column elementor-element elementor-element-15dde2d4\" data-id=\"15dde2d4\" data-element_type=\"column\" data-e-type=\"column\">\n\t\t\t<div class=\"elementor-widget-wrap elementor-element-populated\">\n\t\t\t\t\t\t<div class=\"elementor-element elementor-element-4e8a904c elementor-widget elementor-widget-heading\" data-id=\"4e8a904c\" data-element_type=\"widget\" data-e-type=\"widget\" data-widget_type=\"heading.default\">\n\t\t\t\t\t<h2 class=\"elementor-heading-title elementor-size-default\">Securdach \u2013 Fenster, Sicherheitst\u00fcren und T\u00fcren\n<\/h2>\t\t\t\t<\/div>\n\t\t\t\t\t<\/div>\n\t\t<\/div>\n\t\t\t\t<div class=\"elementor-column elementor-col-50 elementor-top-column elementor-element elementor-element-60894b9d\" data-id=\"60894b9d\" data-element_type=\"column\" data-e-type=\"column\">\n\t\t\t<div class=\"elementor-widget-wrap elementor-element-populated\">\n\t\t\t\t\t\t<div class=\"elementor-element elementor-element-224b9e7e elementor-widget elementor-widget-text-editor\" data-id=\"224b9e7e\" data-element_type=\"widget\" data-e-type=\"widget\" data-widget_type=\"text-editor.default\">\n\t\t\t\t\t\t\t\t\t<p data-start=\"190\" data-end=\"515\">Optimedia Fenster und T\u00fcren: Europ\u00e4ischer Marktf\u00fchrer in der Herstellung von ma\u00dfgeschneiderten Fenstern und T\u00fcren aus PVC und Aluminium. Wir sind stolz auf unsere hochwertigen und energieeffizienten PVC- und Aluminium-Fenstersysteme. <\/p><p data-start=\"190\" data-end=\"515\">Securdach ist Ihr vertrauensvoller Partner f\u00fcr alle Belange rund um Fenster, T\u00fcren und Tore und garantiert Qualit\u00e4t, Sicherheit sowie innovatives Design. Seit Jahren sind wir im <strong data-start=\"365\" data-end=\"386\">Bereich Neubau<\/strong> und Renovierung t\u00e4tig und <strong data-start=\"395\" data-end=\"415\">bieten ma\u00dfgeschneiderte L\u00f6sungen<\/strong>, die \u00c4sthetik, Funktionalit\u00e4t und Energieeffizienz vereinen.<\/p><p data-start=\"517\" data-end=\"889\">Unser Expertenteam begleitet jedes Projekt mit Sorgfalt und Professionalit\u00e4t \u2013 von der ersten Beratung bis zur fachgerechten Montage \u2013 und garantiert langlebige Ergebnisse sowie ma\u00dfgeschneiderte L\u00f6sungen f\u00fcr jeden Kunden. Che si tratti di abitazioni private, uffici o locali commerciali \u2013 Securdach offre prodotti eccellenti per migliorare comfort, sicurezza e valore del vostro immobile.<\/p>\t\t\t\t\t\t\t\t<\/div>\n\t\t\t\t\t<\/div>\n\t\t<\/div>\n\t\t\t\t\t<\/div>\n\t\t<\/section>\n\t\t\t\t<section class=\"elementor-section elementor-top-section elementor-element elementor-element-16ae89e1 elementor-section-content-middle elementor-section-boxed elementor-section-height-default elementor-section-height-default\" data-id=\"16ae89e1\" data-element_type=\"section\" data-e-type=\"section\">\n\t\t\t\t\t\t<div class=\"elementor-container elementor-column-gap-default\">\n\t\t\t\t\t<div class=\"elementor-column elementor-col-50 elementor-top-column elementor-element elementor-element-24857a4\" data-id=\"24857a4\" data-element_type=\"column\" data-e-type=\"column\">\n\t\t\t<div class=\"elementor-widget-wrap elementor-element-populated\">\n\t\t\t\t\t\t<div class=\"elementor-element elementor-element-3adeb906 elementor-widget elementor-widget-image\" data-id=\"3adeb906\" data-element_type=\"widget\" data-e-type=\"widget\" data-widget_type=\"image.default\">\n\t\t\t\t\t\t\t\t\t\t\t\t\t\t\t<img fetchpriority=\"high\" decoding=\"async\" width=\"400\" height=\"320\" src=\"https:\/\/securdach.it\/wp-content\/uploads\/2025\/10\/Securdach-2.jpg\" class=\"attachment-full size-full wp-image-772\" alt=\"\" srcset=\"https:\/\/securdach.it\/wp-content\/uploads\/2025\/10\/Securdach-2.jpg 400w, https:\/\/securdach.it\/wp-content\/uploads\/2025\/10\/Securdach-2-300x240.jpg 300w\" sizes=\"(max-width: 400px) 100vw, 400px\" \/>\t\t\t\t\t\t\t\t\t\t\t\t\t\t\t<\/div>\n\t\t\t\t<section class=\"elementor-section elementor-inner-section elementor-element elementor-element-1a351b51 elementor-section-boxed elementor-section-height-default elementor-section-height-default elementor-invisible\" data-id=\"1a351b51\" data-element_type=\"section\" data-e-type=\"section\" data-settings=\"{&quot;animation&quot;:&quot;fadeInUp&quot;}\">\n\t\t\t\t\t\t<div class=\"elementor-container elementor-column-gap-default\">\n\t\t\t\t\t<div class=\"elementor-column elementor-col-100 elementor-inner-column elementor-element elementor-element-7362a200 elementor-hidden-phone\" data-id=\"7362a200\" data-element_type=\"column\" data-e-type=\"column\" data-settings=\"{&quot;background_background&quot;:&quot;classic&quot;}\">\n\t\t\t<div class=\"elementor-widget-wrap elementor-element-populated\">\n\t\t\t\t\t\t<div class=\"elementor-element elementor-element-7698b9f3 elementor-widget elementor-widget-heading\" data-id=\"7698b9f3\" data-element_type=\"widget\" data-e-type=\"widget\" data-widget_type=\"heading.default\">\n\t\t\t\t\t<h6 class=\"elementor-heading-title elementor-size-default\">Unser Ziel:<\/h6>\t\t\t\t<\/div>\n\t\t\t\t<div class=\"elementor-element elementor-element-553abad elementor-widget elementor-widget-text-editor\" data-id=\"553abad\" data-element_type=\"widget\" data-e-type=\"widget\" data-widget_type=\"text-editor.default\">\n\t\t\t\t\t\t\t\t\t<p>ist es, qualitativ hochwertige L\u00f6sungen anzubieten<\/p>\t\t\t\t\t\t\t\t<\/div>\n\t\t\t\t\t<\/div>\n\t\t<\/div>\n\t\t\t\t\t<\/div>\n\t\t<\/section>\n\t\t\t\t\t<\/div>\n\t\t<\/div>\n\t\t\t\t<div class=\"elementor-column elementor-col-50 elementor-top-column elementor-element elementor-element-16f1f4eb\" data-id=\"16f1f4eb\" data-element_type=\"column\" data-e-type=\"column\">\n\t\t\t<div class=\"elementor-widget-wrap elementor-element-populated\">\n\t\t\t\t\t\t<div class=\"elementor-element elementor-element-47f5bd4c elementor-widget elementor-widget-text-editor\" data-id=\"47f5bd4c\" data-element_type=\"widget\" data-e-type=\"widget\" data-widget_type=\"text-editor.default\">\n\t\t\t\t\t\t\t\t\t<p data-start=\"891\" data-end=\"1288\">\ud83e\ude9f <strong data-start=\"894\" data-end=\"936\">I nostri principali servizi includono:<\/strong><br data-start=\"936\" data-end=\"939\" \/>\u2705 Infissi e serramenti in <strong data-start=\"965\" data-end=\"991\">PVC, legno e alluminio<\/strong><br data-start=\"991\" data-end=\"994\" \/>\u2705 <strong data-start=\"996\" data-end=\"1013\">Porte interne<\/strong> e <strong data-start=\"1016\" data-end=\"1041\">portoncini d\u2019ingresso<\/strong><br data-start=\"1041\" data-end=\"1044\" \/>\u2705 <strong data-start=\"1046\" data-end=\"1064\">Porte blindate<\/strong> per sicurezza avanzata<br data-start=\"1087\" data-end=\"1090\" \/>\u2705 <strong data-start=\"1092\" data-end=\"1104\">Finestre<\/strong> e <strong data-start=\"1107\" data-end=\"1135\">portefinestre scorrevoli<\/strong><br data-start=\"1135\" data-end=\"1138\" \/>\u2705 <strong data-start=\"1140\" data-end=\"1163\">Vetrate per balconi<\/strong> e spazi esterni<br data-start=\"1179\" data-end=\"1182\" \/>\u2705 <strong data-start=\"1184\" data-end=\"1216\">Persiane, scuri e tapparelle<\/strong>, anche <strong data-start=\"1224\" data-end=\"1239\">motorizzate<\/strong><br data-start=\"1239\" data-end=\"1242\" \/>\u2705 <strong data-start=\"1244\" data-end=\"1258\">Zanzariere<\/strong> su misura per ogni finestra<\/p><p data-start=\"1290\" data-end=\"1533\">Scegliere Securdach significa affidarsi a <strong data-start=\"1332\" data-end=\"1361\">professionisti competenti<\/strong>, materiali di alta qualit\u00e0 e soluzioni innovative che valorizzano ogni ambiente. La nostra missione \u00e8 trasformare ogni spazio in un luogo confortevole, sicuro e moderno.<\/p>\t\t\t\t\t\t\t\t<\/div>\n\t\t\t\t<section class=\"elementor-section elementor-inner-section elementor-element elementor-element-51b7a06f elementor-section-boxed elementor-section-height-default elementor-section-height-default\" data-id=\"51b7a06f\" data-element_type=\"section\" data-e-type=\"section\">\n\t\t\t\t\t\t<div class=\"elementor-container elementor-column-gap-default\">\n\t\t\t\t\t<div class=\"elementor-column elementor-col-50 elementor-inner-column elementor-element elementor-element-2bcff52f elementor-invisible\" data-id=\"2bcff52f\" data-element_type=\"column\" data-e-type=\"column\" data-settings=\"{&quot;animation&quot;:&quot;fadeInUp&quot;,&quot;animation_delay&quot;:&quot;200&quot;}\">\n\t\t\t<div class=\"elementor-widget-wrap elementor-element-populated\">\n\t\t\t\t\t\t<div class=\"elementor-element elementor-element-6d464f3 elementor-widget elementor-widget-counter\" data-id=\"6d464f3\" data-element_type=\"widget\" data-e-type=\"widget\" data-widget_type=\"counter.default\">\n\t\t\t\t\t\t\t<div class=\"elementor-counter\">\n\t\t\t<div class=\"elementor-counter-title\">Clienti Soddisfatti<\/div>\t\t\t<div class=\"elementor-counter-number-wrapper\">\n\t\t\t\t<span class=\"elementor-counter-number-prefix\"><\/span>\n\t\t\t\t<span class=\"elementor-counter-number\" data-duration=\"2000\" data-to-value=\"100\" data-from-value=\"0\" data-delimiter=\",\">0<\/span>\n\t\t\t\t<span class=\"elementor-counter-number-suffix\">%<\/span>\n\t\t\t<\/div>\n\t\t<\/div>\n\t\t\t\t\t\t<\/div>\n\t\t\t\t\t<\/div>\n\t\t<\/div>\n\t\t\t\t<div class=\"elementor-column elementor-col-50 elementor-inner-column elementor-element elementor-element-9460d97 elementor-invisible\" data-id=\"9460d97\" data-element_type=\"column\" data-e-type=\"column\" data-settings=\"{&quot;animation&quot;:&quot;fadeInUp&quot;,&quot;animation_delay&quot;:&quot;400&quot;}\">\n\t\t\t<div class=\"elementor-widget-wrap elementor-element-populated\">\n\t\t\t\t\t\t<div class=\"elementor-element elementor-element-a2d3db2 elementor-widget elementor-widget-counter\" data-id=\"a2d3db2\" data-element_type=\"widget\" data-e-type=\"widget\" data-widget_type=\"counter.default\">\n\t\t\t\t\t\t\t<div class=\"elementor-counter\">\n\t\t\t<div class=\"elementor-counter-title\">Anni di esperienza<\/div>\t\t\t<div class=\"elementor-counter-number-wrapper\">\n\t\t\t\t<span class=\"elementor-counter-number-prefix\"><\/span>\n\t\t\t\t<span class=\"elementor-counter-number\" data-duration=\"2000\" data-to-value=\"20\" data-from-value=\"15\" data-delimiter=\",\">15<\/span>\n\t\t\t\t<span class=\"elementor-counter-number-suffix\">+<\/span>\n\t\t\t<\/div>\n\t\t<\/div>\n\t\t\t\t\t\t<\/div>\n\t\t\t\t\t<\/div>\n\t\t<\/div>\n\t\t\t\t\t<\/div>\n\t\t<\/section>\n\t\t\t\t\t<\/div>\n\t\t<\/div>\n\t\t\t\t\t<\/div>\n\t\t<\/section>\n\t\t<div class=\"elementor-element elementor-element-08df96e e-flex e-con-boxed e-con e-parent\" data-id=\"08df96e\" data-element_type=\"container\" data-e-type=\"container\">\n\t\t\t\t\t<div class=\"e-con-inner\">\n\t\t\t\t<div class=\"elementor-element elementor-element-7db19de elementor-arrows-position-inside elementor-widget elementor-widget-image-carousel\" data-id=\"7db19de\" data-element_type=\"widget\" data-e-type=\"widget\" data-settings=\"{&quot;slides_to_show&quot;:&quot;3&quot;,&quot;navigation&quot;:&quot;arrows&quot;,&quot;autoplay&quot;:&quot;yes&quot;,&quot;pause_on_hover&quot;:&quot;yes&quot;,&quot;pause_on_interaction&quot;:&quot;yes&quot;,&quot;autoplay_speed&quot;:5000,&quot;infinite&quot;:&quot;yes&quot;,&quot;speed&quot;:500,&quot;image_spacing_custom&quot;:{&quot;unit&quot;:&quot;px&quot;,&quot;size&quot;:20,&quot;sizes&quot;:[]},&quot;image_spacing_custom_tablet&quot;:{&quot;unit&quot;:&quot;px&quot;,&quot;size&quot;:&quot;&quot;,&quot;sizes&quot;:[]},&quot;image_spacing_custom_mobile&quot;:{&quot;unit&quot;:&quot;px&quot;,&quot;size&quot;:&quot;&quot;,&quot;sizes&quot;:[]}}\" data-widget_type=\"image-carousel.default\">\n\t\t\t\t\t\t\t<div class=\"elementor-image-carousel-wrapper swiper\" role=\"region\" aria-roledescription=\"carousel\" aria-label=\"Carosello d&#039;immagini\" dir=\"ltr\">\n\t\t\t<div class=\"elementor-image-carousel swiper-wrapper\" aria-live=\"off\">\n\t\t\t\t\t\t\t\t<div class=\"swiper-slide\" role=\"group\" aria-roledescription=\"slide\" aria-label=\"1 von 5\"><figure class=\"swiper-slide-inner\"><img decoding=\"async\" class=\"swiper-slide-image\" src=\"https:\/\/securdach.it\/wp-content\/uploads\/2025\/10\/Securdach-6.jpg\" alt=\"Securdach (6)\" \/><\/figure><\/div><div class=\"swiper-slide\" role=\"group\" aria-roledescription=\"slide\" aria-label=\"2 von 5\"><figure class=\"swiper-slide-inner\"><img decoding=\"async\" class=\"swiper-slide-image\" src=\"https:\/\/securdach.it\/wp-content\/uploads\/2025\/10\/Securdach-5.jpg\" alt=\"Securdach (5)\" \/><\/figure><\/div><div class=\"swiper-slide\" role=\"group\" aria-roledescription=\"slide\" aria-label=\"3 von 5\"><figure class=\"swiper-slide-inner\"><img decoding=\"async\" class=\"swiper-slide-image\" src=\"https:\/\/securdach.it\/wp-content\/uploads\/2025\/10\/Securdach-4.jpg\" alt=\"Securdach (4)\" \/><\/figure><\/div><div class=\"swiper-slide\" role=\"group\" aria-roledescription=\"slide\" aria-label=\"4 von 5\"><figure class=\"swiper-slide-inner\"><img decoding=\"async\" class=\"swiper-slide-image\" src=\"https:\/\/securdach.it\/wp-content\/uploads\/2025\/10\/Securdach-2.jpg\" alt=\"Securdach (2)\" \/><\/figure><\/div><div class=\"swiper-slide\" role=\"group\" aria-roledescription=\"slide\" aria-label=\"5 von 5\"><figure class=\"swiper-slide-inner\"><img decoding=\"async\" class=\"swiper-slide-image\" src=\"https:\/\/securdach.it\/wp-content\/uploads\/2025\/10\/Securdach-1.jpg\" alt=\"Securdach (1)\" \/><\/figure><\/div>\t\t\t<\/div>\n\t\t\t\t\t\t\t\t\t\t\t\t<div class=\"elementor-swiper-button elementor-swiper-button-prev\" role=\"button\" tabindex=\"0\">\n\t\t\t\t\t\t<svg aria-hidden=\"true\" class=\"e-font-icon-svg e-eicon-chevron-left\" viewBox=\"0 0 1000 1000\" xmlns=\"http:\/\/www.w3.org\/2000\/svg\"><path d=\"M646 125C629 125 613 133 604 142L308 442C296 454 292 471 292 487 292 504 296 521 308 533L604 854C617 867 629 875 646 875 663 875 679 871 692 858 704 846 713 829 713 812 713 796 708 779 692 767L438 487 692 225C700 217 708 204 708 187 708 171 704 154 692 142 675 129 663 125 646 125Z\"><\/path><\/svg>\t\t\t\t\t<\/div>\n\t\t\t\t\t<div class=\"elementor-swiper-button elementor-swiper-button-next\" role=\"button\" tabindex=\"0\">\n\t\t\t\t\t\t<svg aria-hidden=\"true\" class=\"e-font-icon-svg e-eicon-chevron-right\" viewBox=\"0 0 1000 1000\" xmlns=\"http:\/\/www.w3.org\/2000\/svg\"><path d=\"M696 533C708 521 713 504 713 487 713 471 708 454 696 446L400 146C388 133 375 125 354 125 338 125 325 129 313 142 300 154 292 171 292 187 292 204 296 221 308 233L563 492 304 771C292 783 288 800 288 817 288 833 296 850 308 863 321 871 338 875 354 875 371 875 388 867 400 854L696 533Z\"><\/path><\/svg>\t\t\t\t\t<\/div>\n\t\t\t\t\n\t\t\t\t\t\t\t\t\t<\/div>\n\t\t\t\t\t\t<\/div>\n\t\t\t\t\t<\/div>\n\t\t\t\t<\/div>\n\t\t\t\t<\/div>\n\t\t","protected":false},"excerpt":{"rendered":"<p>\u00dcber uns Securdach \u2013 Fenster, Sicherheitst\u00fcren und T\u00fcren Optimedia Fenster und T\u00fcren: Europ\u00e4ischer Marktf\u00fchrer in der Herstellung von ma\u00dfgeschneiderten Fenstern und T\u00fcren aus PVC und Aluminium. Wir sind stolz auf unsere hochwertigen und energieeffizienten PVC- und Aluminium-Fenstersysteme. Securdach ist Ihr vertrauensvoller Partner f\u00fcr alle Belange rund um Fenster, T\u00fcren und Tore und garantiert Qualit\u00e4t, Sicherheit [&hellip;]<\/p>\n","protected":false},"author":1,"featured_media":0,"parent":0,"menu_order":0,"comment_status":"closed","ping_status":"closed","template":"elementor_header_footer","meta":{"_acf_changed":false,"_joinchat":[],"footnotes":""},"class_list":["post-777","page","type-page","status-publish","hentry"],"acf":[],"yoast_head":"<!-- This site is optimized with the Yoast SEO plugin v27.5 - https:\/\/yoast.com\/product\/yoast-seo-wordpress\/ -->\n<title>\u00dcber uns - Securdach<\/title>\n<meta name=\"description\" content=\"Seit Jahren sind wir im Bereich Neubau und Renovierung t\u00e4tig und bieten ma\u00dfgeschneiderte L\u00f6sungen an, die \u00c4sthetik vereinen...\" \/>\n<meta name=\"robots\" content=\"index, follow, max-snippet:-1, max-image-preview:large, max-video-preview:-1\" \/>\n<link rel=\"canonical\" href=\"https:\/\/securdach.it\/de\/ueber-uns\/\" \/>\n<meta property=\"og:locale\" content=\"de_DE\" \/>\n<meta property=\"og:type\" content=\"article\" \/>\n<meta property=\"og:title\" content=\"\u00dcber uns - Securdach\" \/>\n<meta property=\"og:description\" content=\"Seit Jahren sind wir im Bereich Neubau und Renovierung t\u00e4tig und bieten ma\u00dfgeschneiderte L\u00f6sungen an, die \u00c4sthetik vereinen...\" \/>\n<meta property=\"og:url\" content=\"https:\/\/securdach.it\/de\/ueber-uns\/\" \/>\n<meta property=\"og:site_name\" content=\"Securdach\" \/>\n<meta property=\"article:modified_time\" content=\"2026-03-30T08:01:58+00:00\" \/>\n<meta property=\"og:image\" content=\"https:\/\/securdach.it\/wp-content\/uploads\/2025\/10\/Securdach-2.jpg\" \/>\n<meta name=\"twitter:card\" content=\"summary_large_image\" \/>\n<meta name=\"twitter:label1\" content=\"Gesch\u00e4tzte Lesezeit\" \/>\n\t<meta name=\"twitter:data1\" content=\"1\u00a0Minute\" \/>\n<script type=\"application\/ld+json\" class=\"yoast-schema-graph\">{\"@context\":\"https:\\\/\\\/schema.org\",\"@graph\":[{\"@type\":\"WebPage\",\"@id\":\"https:\\\/\\\/securdach.it\\\/de\\\/ueber-uns\\\/\",\"url\":\"https:\\\/\\\/securdach.it\\\/de\\\/ueber-uns\\\/\",\"name\":\"\u00dcber uns - Securdach\",\"isPartOf\":{\"@id\":\"https:\\\/\\\/securdach.it\\\/de\\\/#website\"},\"primaryImageOfPage\":{\"@id\":\"https:\\\/\\\/securdach.it\\\/de\\\/ueber-uns\\\/#primaryimage\"},\"image\":{\"@id\":\"https:\\\/\\\/securdach.it\\\/de\\\/ueber-uns\\\/#primaryimage\"},\"thumbnailUrl\":\"https:\\\/\\\/securdach.it\\\/wp-content\\\/uploads\\\/2025\\\/10\\\/Securdach-2.jpg\",\"datePublished\":\"2025-10-26T14:10:43+00:00\",\"dateModified\":\"2026-03-30T08:01:58+00:00\",\"description\":\"Seit Jahren sind wir im Bereich Neubau und Renovierung t\u00e4tig und bieten ma\u00dfgeschneiderte L\u00f6sungen an, die \u00c4sthetik vereinen...\",\"breadcrumb\":{\"@id\":\"https:\\\/\\\/securdach.it\\\/de\\\/ueber-uns\\\/#breadcrumb\"},\"inLanguage\":\"de\",\"potentialAction\":[{\"@type\":\"ReadAction\",\"target\":[\"https:\\\/\\\/securdach.it\\\/de\\\/ueber-uns\\\/\"]}]},{\"@type\":\"ImageObject\",\"inLanguage\":\"de\",\"@id\":\"https:\\\/\\\/securdach.it\\\/de\\\/ueber-uns\\\/#primaryimage\",\"url\":\"https:\\\/\\\/securdach.it\\\/wp-content\\\/uploads\\\/2025\\\/10\\\/Securdach-2.jpg\",\"contentUrl\":\"https:\\\/\\\/securdach.it\\\/wp-content\\\/uploads\\\/2025\\\/10\\\/Securdach-2.jpg\"},{\"@type\":\"BreadcrumbList\",\"@id\":\"https:\\\/\\\/securdach.it\\\/de\\\/ueber-uns\\\/#breadcrumb\",\"itemListElement\":[{\"@type\":\"ListItem\",\"position\":1,\"name\":\"Home\",\"item\":\"https:\\\/\\\/securdach.it\\\/de\\\/startseite\\\/\"},{\"@type\":\"ListItem\",\"position\":2,\"name\":\"\u00dcber uns\"}]},{\"@type\":\"WebSite\",\"@id\":\"https:\\\/\\\/securdach.it\\\/de\\\/#website\",\"url\":\"https:\\\/\\\/securdach.it\\\/de\\\/\",\"name\":\"Securdach - Infissi, Porte Blindate, Finestre\",\"description\":\"Infissi, Porte Blindate, Finestre\",\"publisher\":{\"@id\":\"https:\\\/\\\/securdach.it\\\/de\\\/#organization\"},\"alternateName\":\"Securdach - Infissi, Porte Blindate, Finestre\",\"potentialAction\":[{\"@type\":\"SearchAction\",\"target\":{\"@type\":\"EntryPoint\",\"urlTemplate\":\"https:\\\/\\\/securdach.it\\\/de\\\/?s={search_term_string}\"},\"query-input\":{\"@type\":\"PropertyValueSpecification\",\"valueRequired\":true,\"valueName\":\"search_term_string\"}}],\"inLanguage\":\"de\"},{\"@type\":\"Organization\",\"@id\":\"https:\\\/\\\/securdach.it\\\/de\\\/#organization\",\"name\":\"Securdach - Infissi, Porte Blindate, Finestre\",\"alternateName\":\"Securdach - Infissi, Porte Blindate, Finestre\",\"url\":\"https:\\\/\\\/securdach.it\\\/de\\\/\",\"logo\":{\"@type\":\"ImageObject\",\"inLanguage\":\"de\",\"@id\":\"https:\\\/\\\/securdach.it\\\/de\\\/#\\\/schema\\\/logo\\\/image\\\/\",\"url\":\"https:\\\/\\\/securdach.it\\\/wp-content\\\/uploads\\\/2025\\\/10\\\/Securdach-2.bmp\",\"contentUrl\":\"https:\\\/\\\/securdach.it\\\/wp-content\\\/uploads\\\/2025\\\/10\\\/Securdach-2.bmp\",\"width\":600,\"height\":155,\"caption\":\"Securdach - Infissi, Porte Blindate, Finestre\"},\"image\":{\"@id\":\"https:\\\/\\\/securdach.it\\\/de\\\/#\\\/schema\\\/logo\\\/image\\\/\"}}]}<\/script>\n<!-- \/ Yoast SEO plugin. -->","yoast_head_json":{"title":"\u00dcber uns - Securdach","description":"Seit Jahren sind wir im Bereich Neubau und Renovierung t\u00e4tig und bieten ma\u00dfgeschneiderte L\u00f6sungen an, die \u00c4sthetik vereinen...","robots":{"index":"index","follow":"follow","max-snippet":"max-snippet:-1","max-image-preview":"max-image-preview:large","max-video-preview":"max-video-preview:-1"},"canonical":"https:\/\/securdach.it\/de\/ueber-uns\/","og_locale":"de_DE","og_type":"article","og_title":"\u00dcber uns - Securdach","og_description":"Seit Jahren sind wir im Bereich Neubau und Renovierung t\u00e4tig und bieten ma\u00dfgeschneiderte L\u00f6sungen an, die \u00c4sthetik vereinen...","og_url":"https:\/\/securdach.it\/de\/ueber-uns\/","og_site_name":"Securdach","article_modified_time":"2026-03-30T08:01:58+00:00","og_image":[{"url":"https:\/\/securdach.it\/wp-content\/uploads\/2025\/10\/Securdach-2.jpg","type":"","width":"","height":""}],"twitter_card":"summary_large_image","twitter_misc":{"Gesch\u00e4tzte Lesezeit":"1\u00a0Minute"},"schema":{"@context":"https:\/\/schema.org","@graph":[{"@type":"WebPage","@id":"https:\/\/securdach.it\/de\/ueber-uns\/","url":"https:\/\/securdach.it\/de\/ueber-uns\/","name":"\u00dcber uns - Securdach","isPartOf":{"@id":"https:\/\/securdach.it\/de\/#website"},"primaryImageOfPage":{"@id":"https:\/\/securdach.it\/de\/ueber-uns\/#primaryimage"},"image":{"@id":"https:\/\/securdach.it\/de\/ueber-uns\/#primaryimage"},"thumbnailUrl":"https:\/\/securdach.it\/wp-content\/uploads\/2025\/10\/Securdach-2.jpg","datePublished":"2025-10-26T14:10:43+00:00","dateModified":"2026-03-30T08:01:58+00:00","description":"Seit Jahren sind wir im Bereich Neubau und Renovierung t\u00e4tig und bieten ma\u00dfgeschneiderte L\u00f6sungen an, die \u00c4sthetik vereinen...","breadcrumb":{"@id":"https:\/\/securdach.it\/de\/ueber-uns\/#breadcrumb"},"inLanguage":"de","potentialAction":[{"@type":"ReadAction","target":["https:\/\/securdach.it\/de\/ueber-uns\/"]}]},{"@type":"ImageObject","inLanguage":"de","@id":"https:\/\/securdach.it\/de\/ueber-uns\/#primaryimage","url":"https:\/\/securdach.it\/wp-content\/uploads\/2025\/10\/Securdach-2.jpg","contentUrl":"https:\/\/securdach.it\/wp-content\/uploads\/2025\/10\/Securdach-2.jpg"},{"@type":"BreadcrumbList","@id":"https:\/\/securdach.it\/de\/ueber-uns\/#breadcrumb","itemListElement":[{"@type":"ListItem","position":1,"name":"Home","item":"https:\/\/securdach.it\/de\/startseite\/"},{"@type":"ListItem","position":2,"name":"\u00dcber uns"}]},{"@type":"WebSite","@id":"https:\/\/securdach.it\/de\/#website","url":"https:\/\/securdach.it\/de\/","name":"Securdach - Infissi, Porte Blindate, Finestre","description":"Infissi, Porte Blindate, Finestre","publisher":{"@id":"https:\/\/securdach.it\/de\/#organization"},"alternateName":"Securdach - Infissi, Porte Blindate, Finestre","potentialAction":[{"@type":"SearchAction","target":{"@type":"EntryPoint","urlTemplate":"https:\/\/securdach.it\/de\/?s={search_term_string}"},"query-input":{"@type":"PropertyValueSpecification","valueRequired":true,"valueName":"search_term_string"}}],"inLanguage":"de"},{"@type":"Organization","@id":"https:\/\/securdach.it\/de\/#organization","name":"Securdach - Infissi, Porte Blindate, Finestre","alternateName":"Securdach - Infissi, Porte Blindate, Finestre","url":"https:\/\/securdach.it\/de\/","logo":{"@type":"ImageObject","inLanguage":"de","@id":"https:\/\/securdach.it\/de\/#\/schema\/logo\/image\/","url":"https:\/\/securdach.it\/wp-content\/uploads\/2025\/10\/Securdach-2.bmp","contentUrl":"https:\/\/securdach.it\/wp-content\/uploads\/2025\/10\/Securdach-2.bmp","width":600,"height":155,"caption":"Securdach - Infissi, Porte Blindate, Finestre"},"image":{"@id":"https:\/\/securdach.it\/de\/#\/schema\/logo\/image\/"}}]}},"_links":{"self":[{"href":"https:\/\/securdach.it\/de\/wp-json\/wp\/v2\/pages\/777","targetHints":{"allow":["GET"]}}],"collection":[{"href":"https:\/\/securdach.it\/de\/wp-json\/wp\/v2\/pages"}],"about":[{"href":"https:\/\/securdach.it\/de\/wp-json\/wp\/v2\/types\/page"}],"author":[{"embeddable":true,"href":"https:\/\/securdach.it\/de\/wp-json\/wp\/v2\/users\/1"}],"replies":[{"embeddable":true,"href":"https:\/\/securdach.it\/de\/wp-json\/wp\/v2\/comments?post=777"}],"version-history":[{"count":1,"href":"https:\/\/securdach.it\/de\/wp-json\/wp\/v2\/pages\/777\/revisions"}],"predecessor-version":[{"id":778,"href":"https:\/\/securdach.it\/de\/wp-json\/wp\/v2\/pages\/777\/revisions\/778"}],"wp:attachment":[{"href":"https:\/\/securdach.it\/de\/wp-json\/wp\/v2\/media?parent=777"}],"curies":[{"name":"wp","href":"https:\/\/api.w.org\/{rel}","templated":true}]}}